{"id":2650,"date":"2023-03-26T22:08:43","date_gmt":"2023-03-26T20:08:43","guid":{"rendered":"https:\/\/d365-innovation.de\/contact-us\/"},"modified":"2024-03-03T21:26:42","modified_gmt":"2024-03-03T20:26:42","slug":"contact-us","status":"publish","type":"page","link":"https:\/\/d365-innovation.de\/en\/contact-us\/","title":{"rendered":"Contact us"},"content":{"rendered":"\t\t<div data-elementor-type=\"wp-page\" data-elementor-id=\"2650\" class=\"elementor elementor-2650 elementor-169\" data-elementor-post-type=\"page\">\n\t\t\t\t\t\t<section class=\"elementor-section elementor-top-section elementor-element elementor-element-738dd1a elementor-section-boxed elementor-section-height-default elementor-section-height-default\" data-id=\"738dd1a\" data-element_type=\"section\" data-e-type=\"section\">\n\t\t\t\t\t\t<div class=\"elementor-container elementor-column-gap-default\">\n\t\t\t\t\t<div class=\"elementor-column elementor-col-100 elementor-top-column elementor-element elementor-element-1751cf5\" data-id=\"1751cf5\" data-element_type=\"column\" data-e-type=\"column\">\n\t\t\t<div class=\"elementor-widget-wrap elementor-element-populated\">\n\t\t\t\t\t\t<div class=\"elementor-element elementor-element-e841bd7 elementor-widget elementor-widget-breadcrumbs\" data-id=\"e841bd7\" data-element_type=\"widget\" data-e-type=\"widget\" data-widget_type=\"breadcrumbs.default\">\n\t\t\t\t<div class=\"elementor-widget-container\">\n\t\t\t\t\t<p id=\"breadcrumbs\"><span><span><a href=\"https:\/\/d365-innovation.de\/en\/homepage\/\">Startseite<\/a><\/span><\/span><\/p>\t\t\t\t<\/div>\n\t\t\t\t<\/div>\n\t\t\t\t\t<\/div>\n\t\t<\/div>\n\t\t\t\t\t<\/div>\n\t\t<\/section>\n\t\t\t\t<section class=\"elementor-section elementor-top-section elementor-element elementor-element-cd23762 elementor-section-boxed elementor-section-height-default elementor-section-height-default\" data-id=\"cd23762\" data-element_type=\"section\" data-e-type=\"section\" data-settings=\"{&quot;background_background&quot;:&quot;classic&quot;}\">\n\t\t\t\t\t\t<div class=\"elementor-container elementor-column-gap-default\">\n\t\t\t\t\t<div class=\"elementor-column elementor-col-100 elementor-top-column elementor-element elementor-element-19ea770\" data-id=\"19ea770\" data-element_type=\"column\" data-e-type=\"column\">\n\t\t\t<div class=\"elementor-widget-wrap elementor-element-populated\">\n\t\t\t\t\t\t<div class=\"elementor-element elementor-element-1c7d585 elementor-widget elementor-widget-text-editor\" data-id=\"1c7d585\" data-element_type=\"widget\" data-e-type=\"widget\" data-widget_type=\"text-editor.default\">\n\t\t\t\t<div class=\"elementor-widget-container\">\n\t\t\t\t\t\t\t\t\t<h1><span style=\"color: #ffffff;\">Contact us<\/span><\/h1>\n\t\t\t\t\t\t\t\t<\/div>\n\t\t\t\t<\/div>\n\t\t\t\t\t<\/div>\n\t\t<\/div>\n\t\t\t\t\t<\/div>\n\t\t<\/section>\n\t\t\t\t<section class=\"elementor-section elementor-top-section elementor-element elementor-element-243271fa elementor-section-boxed elementor-section-height-default elementor-section-height-default\" data-id=\"243271fa\" data-element_type=\"section\" data-e-type=\"section\">\n\t\t\t\t\t\t<div class=\"elementor-container elementor-column-gap-default\">\n\t\t\t\t\t<div class=\"elementor-column elementor-col-100 elementor-top-column elementor-element elementor-element-7cd4f5ff\" data-id=\"7cd4f5ff\" data-element_type=\"column\" data-e-type=\"column\">\n\t\t\t<div class=\"elementor-widget-wrap elementor-element-populated\">\n\t\t\t\t\t\t<div class=\"elementor-element elementor-element-71bbed7e elementor-widget elementor-widget-text-editor\" data-id=\"71bbed7e\" data-element_type=\"widget\" data-e-type=\"widget\" data-widget_type=\"text-editor.default\">\n\t\t\t\t<div class=\"elementor-widget-container\">\n\t\t\t\t\t\t\t\t\t\n<p>Do you need information, have questions, suggestions or requests? &#8211; Get in touch with us!<\/p>\n\n\n\t\t\t\t\t\t\t\t<\/div>\n\t\t\t\t<\/div>\n\t\t\t\t\t<\/div>\n\t\t<\/div>\n\t\t\t\t\t<\/div>\n\t\t<\/section>\n\t\t\t\t<section class=\"elementor-section elementor-top-section elementor-element elementor-element-377904d elementor-section-boxed elementor-section-height-default elementor-section-height-default\" data-id=\"377904d\" data-element_type=\"section\" data-e-type=\"section\">\n\t\t\t\t\t\t<div class=\"elementor-container elementor-column-gap-default\">\n\t\t\t\t\t<div class=\"elementor-column elementor-col-100 elementor-top-column elementor-element elementor-element-a677973\" data-id=\"a677973\" data-element_type=\"column\" data-e-type=\"column\">\n\t\t\t<div class=\"elementor-widget-wrap elementor-element-populated\">\n\t\t\t\t\t\t<div class=\"elementor-element elementor-element-2096754 elementor-widget elementor-widget-wpforms\" data-id=\"2096754\" data-element_type=\"widget\" data-e-type=\"widget\" data-widget_type=\"wpforms.default\">\n\t\t\t\t<div class=\"elementor-widget-container\">\n\t\t\t\t\t<div class=\"wpforms-container wpforms-container-full\" id=\"wpforms-170\"><form id=\"wpforms-form-170\" class=\"wpforms-validate wpforms-form wpforms-ajax-form\" data-formid=\"170\" method=\"post\" enctype=\"multipart\/form-data\" action=\"\/en\/wp-json\/wp\/v2\/pages\/2650\" data-token=\"26b8e3cd53494e95138c3845564a8296\" data-token-time=\"1777476378\"><noscript class=\"wpforms-error-noscript\">Please enable JavaScript in your browser to complete this form.<\/noscript><div class=\"wpforms-field-container\"><div id=\"wpforms-170-field_7-container\" class=\"wpforms-field wpforms-field-text\" data-field-id=\"7\"><label class=\"wpforms-field-label\" for=\"wpforms-170-field_7\">Firma<\/label><input type=\"text\" id=\"wpforms-170-field_7\" class=\"wpforms-field-medium\" name=\"wpforms[fields][7]\" ><\/div><div id=\"wpforms-170-field_0-container\" class=\"wpforms-field wpforms-field-name\" data-field-id=\"0\"><label class=\"wpforms-field-label\">Ansprechpartner <span class=\"wpforms-required-label\">*<\/span><\/label><div class=\"wpforms-field-row wpforms-field-medium\"><div class=\"wpforms-field-row-block wpforms-first wpforms-one-half\"><input type=\"text\" id=\"wpforms-170-field_0\" class=\"wpforms-field-name-first wpforms-field-required\" name=\"wpforms[fields][0][first]\" required><label for=\"wpforms-170-field_0\" class=\"wpforms-field-sublabel after\">First<\/label><\/div><div class=\"wpforms-field-row-block wpforms-one-half\"><input type=\"text\" id=\"wpforms-170-field_0-last\" class=\"wpforms-field-name-last wpforms-field-required\" name=\"wpforms[fields][0][last]\" required><label for=\"wpforms-170-field_0-last\" class=\"wpforms-field-sublabel after\">Last<\/label><\/div><\/div><\/div><div id=\"wpforms-170-field_1-container\" class=\"wpforms-field wpforms-field-email\" data-field-id=\"1\"><label class=\"wpforms-field-label\">E-Mail <span class=\"wpforms-required-label\">*<\/span><\/label><div class=\"wpforms-field-row wpforms-field-medium\"><div class=\"wpforms-field-row-block wpforms-one-half wpforms-first\"><input type=\"email\" id=\"wpforms-170-field_1\" class=\"wpforms-field-required wpforms-field-email-primary\" data-rule-restricted-email=\"1\" name=\"wpforms[fields][1][primary]\" spellcheck=\"false\" required><label for=\"wpforms-170-field_1\" class=\"wpforms-field-sublabel after\">Email<\/label><\/div><div class=\"wpforms-field-row-block wpforms-one-half\"><input type=\"email\" id=\"wpforms-170-field_1-secondary\" class=\"wpforms-field-email-secondary wpforms-field-required\" data-rule-confirm=\"#wpforms-170-field_1\" name=\"wpforms[fields][1][secondary]\" spellcheck=\"false\" required><label for=\"wpforms-170-field_1-secondary\" class=\"wpforms-field-sublabel after\">Confirm Email<\/label><\/div><\/div><\/div><div id=\"wpforms-170-field_6-container\" class=\"wpforms-field wpforms-field-text\" data-field-id=\"6\"><label class=\"wpforms-field-label\" for=\"wpforms-170-field_6\">Telefonnummer<\/label><input type=\"text\" id=\"wpforms-170-field_6\" class=\"wpforms-field-medium\" name=\"wpforms[fields][6]\" ><\/div><div id=\"wpforms-170-field_2-container\" class=\"wpforms-field wpforms-field-textarea\" data-field-id=\"2\"><label class=\"wpforms-field-label\" for=\"wpforms-170-field_2\">Kommentar oder Nachricht<\/label><textarea id=\"wpforms-170-field_2\" class=\"wpforms-field-medium\" name=\"wpforms[fields][2]\" ><\/textarea><\/div><div id=\"wpforms-170-field_3-container\" class=\"wpforms-field wpforms-field-checkbox\" data-field-id=\"3\"><label class=\"wpforms-field-label\">Neuigkeiten<\/label><ul id=\"wpforms-170-field_3\"><li class=\"choice-2 depth-1\"><input type=\"checkbox\" id=\"wpforms-170-field_3_2\" name=\"wpforms[fields][3][]\" value=\"Ja, ich m\u00f6chte k\u00fcnftig \u00fcber Neuigkeiten der D365 Innovation GmbH informiert werden und willige ein, dass meine Daten f\u00fcr Werbema\u00dfnahmen genutzt werden d\u00fcrfen. Die Kontaktaufnahme per Telefon, E-Mail oder postalisch ist gestattet.\"  ><label class=\"wpforms-field-label-inline\" for=\"wpforms-170-field_3_2\">Ja, ich m\u00f6chte k\u00fcnftig \u00fcber Neuigkeiten der D365 Innovation GmbH informiert werden und willige ein, dass meine Daten f\u00fcr Werbema\u00dfnahmen genutzt werden d\u00fcrfen. Die Kontaktaufnahme per Telefon, E-Mail oder postalisch ist gestattet.<\/label><\/li><\/ul><\/div><div id=\"wpforms-170-field_4-container\" class=\"wpforms-field wpforms-field-checkbox\" data-field-id=\"4\"><label class=\"wpforms-field-label\">Datenschutz <span class=\"wpforms-required-label\">*<\/span><\/label><ul id=\"wpforms-170-field_4\" class=\"wpforms-field-required\"><li class=\"choice-1 depth-1\"><input type=\"checkbox\" id=\"wpforms-170-field_4_1\" name=\"wpforms[fields][4][]\" value=\"Ich stimme zu, dass ich die Datenschutzerkl\u00e4rung gelesen habe. Meine Angaben und Daten werden zur Beantwortung meiner Anfrage genutzt und gespeichert. Unsere Mitarbeiter nutzen diese Daten bei Bedarf zur Kontaktaufnahme.\" required ><label class=\"wpforms-field-label-inline\" for=\"wpforms-170-field_4_1\">Ich stimme zu, dass ich die Datenschutzerkl\u00e4rung gelesen habe. Meine Angaben und Daten werden zur Beantwortung meiner Anfrage genutzt und gespeichert. Unsere Mitarbeiter nutzen diese Daten bei Bedarf zur Kontaktaufnahme.<\/label><\/li><\/ul><\/div><\/div><!-- .wpforms-field-container --><div class=\"wpforms-submit-container\" ><input type=\"hidden\" name=\"wpforms[id]\" value=\"170\"><input type=\"hidden\" name=\"page_title\" value=\"\"><input type=\"hidden\" name=\"page_url\" value=\"https:\/\/d365-innovation.de\/en\/wp-json\/wp\/v2\/pages\/2650\"><input type=\"hidden\" name=\"url_referer\" value=\"\"><button type=\"submit\" name=\"wpforms[submit]\" id=\"wpforms-submit-170\" class=\"wpforms-submit\" data-alt-text=\"Senden\u2026\" data-submit-text=\"Absenden\" aria-live=\"assertive\" value=\"wpforms-submit\">Absenden<\/button><img decoding=\"async\" src=\"https:\/\/d365-innovation.de\/wp-content\/plugins\/wpforms-lite\/assets\/images\/submit-spin.svg\" class=\"wpforms-submit-spinner\" style=\"display: none;\" width=\"26\" height=\"26\" alt=\"Loading\"><\/div><\/form><\/div>  <!-- .wpforms-container -->\t\t\t\t<\/div>\n\t\t\t\t<\/div>\n\t\t\t\t\t<\/div>\n\t\t<\/div>\n\t\t\t\t\t<\/div>\n\t\t<\/section>\n\t\t\t\t<\/div>\n\t\t","protected":false},"excerpt":{"rendered":"<p>Contact us Do you need information, have questions, suggestions or requests? &#8211; Get in touch with us! Bitte aktiviere JavaScript in deinem Browser, um dieses Formular fertigzustellen.FirmaAnsprechpartner *VornameNachnameE-Mail *E-Mail-AdresseE-Mail best\u00e4tigenTelefonnummerKommentar oder NachrichtNeuigkeiten Ja, ich m\u00f6chte k\u00fcnftig \u00fcber Neuigkeiten der D365 Innovation GmbH informiert werden und willige ein, dass meine Daten f\u00fcr Werbema\u00dfnahmen genutzt werden d\u00fcrfen. [&hellip;]<\/p>\n","protected":false},"author":2,"featured_media":0,"parent":0,"menu_order":0,"comment_status":"closed","ping_status":"closed","template":"templates\/template-full.php","meta":{"footnotes":""},"class_list":["post-2650","page","type-page","status-publish","hentry","post"],"yoast_head":"<!-- This site is optimized with the Yoast SEO plugin v27.5 - https:\/\/yoast.com\/product\/yoast-seo-wordpress\/ -->\n<title>Contact us - D365 Innovation GmbH<\/title>\n<meta name=\"description\" content=\"Get in touch with us! - We will be happy to help you when it comes to Microsoft Business Central or EDI.\" \/>\n<meta name=\"robots\" content=\"index, follow, max-snippet:-1, max-image-preview:large, max-video-preview:-1\" \/>\n<link rel=\"canonical\" href=\"https:\/\/d365-innovation.de\/en\/contact-us\/\" \/>\n<meta property=\"og:locale\" content=\"en_US\" \/>\n<meta property=\"og:type\" content=\"article\" \/>\n<meta property=\"og:title\" content=\"Contact us - D365 Innovation GmbH\" \/>\n<meta property=\"og:description\" content=\"Get in touch with us! - We will be happy to help you when it comes to Microsoft Business Central or EDI.\" \/>\n<meta property=\"og:url\" content=\"https:\/\/d365-innovation.de\/en\/contact-us\/\" \/>\n<meta property=\"og:site_name\" content=\"D365 Innovation GmbH\" \/>\n<meta property=\"article:modified_time\" content=\"2024-03-03T20:26:42+00:00\" \/>\n<meta property=\"og:image\" content=\"https:\/\/d365-innovation.de\/wp-content\/plugins\/wpforms-lite\/assets\/images\/submit-spin.svg\" \/>\n<meta name=\"twitter:card\" content=\"summary_large_image\" \/>\n<meta name=\"twitter:label1\" content=\"Est. reading time\" \/>\n\t<meta name=\"twitter:data1\" content=\"1 minute\" \/>\n<script type=\"application\/ld+json\" class=\"yoast-schema-graph\">{\"@context\":\"https:\\\/\\\/schema.org\",\"@graph\":[{\"@type\":\"WebPage\",\"@id\":\"https:\\\/\\\/d365-innovation.de\\\/en\\\/contact-us\\\/\",\"url\":\"https:\\\/\\\/d365-innovation.de\\\/en\\\/contact-us\\\/\",\"name\":\"Contact us - D365 Innovation GmbH\",\"isPartOf\":{\"@id\":\"https:\\\/\\\/d365-innovation.de\\\/en\\\/#website\"},\"primaryImageOfPage\":{\"@id\":\"https:\\\/\\\/d365-innovation.de\\\/en\\\/contact-us\\\/#primaryimage\"},\"image\":{\"@id\":\"https:\\\/\\\/d365-innovation.de\\\/en\\\/contact-us\\\/#primaryimage\"},\"thumbnailUrl\":\"https:\\\/\\\/d365-innovation.de\\\/wp-content\\\/plugins\\\/wpforms-lite\\\/assets\\\/images\\\/submit-spin.svg\",\"datePublished\":\"2023-03-26T20:08:43+00:00\",\"dateModified\":\"2024-03-03T20:26:42+00:00\",\"description\":\"Get in touch with us! - We will be happy to help you when it comes to Microsoft Business Central or EDI.\",\"breadcrumb\":{\"@id\":\"https:\\\/\\\/d365-innovation.de\\\/en\\\/contact-us\\\/#breadcrumb\"},\"inLanguage\":\"en-US\",\"potentialAction\":[{\"@type\":\"ReadAction\",\"target\":[\"https:\\\/\\\/d365-innovation.de\\\/en\\\/contact-us\\\/\"]}]},{\"@type\":\"ImageObject\",\"inLanguage\":\"en-US\",\"@id\":\"https:\\\/\\\/d365-innovation.de\\\/en\\\/contact-us\\\/#primaryimage\",\"url\":\"https:\\\/\\\/d365-innovation.de\\\/wp-content\\\/plugins\\\/wpforms-lite\\\/assets\\\/images\\\/submit-spin.svg\",\"contentUrl\":\"https:\\\/\\\/d365-innovation.de\\\/wp-content\\\/plugins\\\/wpforms-lite\\\/assets\\\/images\\\/submit-spin.svg\"},{\"@type\":\"BreadcrumbList\",\"@id\":\"https:\\\/\\\/d365-innovation.de\\\/en\\\/contact-us\\\/#breadcrumb\",\"itemListElement\":[{\"@type\":\"ListItem\",\"position\":1,\"name\":\"Startseite\",\"item\":\"https:\\\/\\\/d365-innovation.de\\\/en\\\/homepage\\\/\"},{\"@type\":\"ListItem\",\"position\":2,\"name\":\"Contact us\"}]},{\"@type\":\"WebSite\",\"@id\":\"https:\\\/\\\/d365-innovation.de\\\/en\\\/#website\",\"url\":\"https:\\\/\\\/d365-innovation.de\\\/en\\\/\",\"name\":\"D365 Innovation GmbH\",\"description\":\"Wir implementieren Microsoft Business Central und entwickeln standardisierte L&ouml;sungen f&uuml;r Ihren Unternehmenserfolg - wir innovieren Ihre Prozesse\",\"publisher\":{\"@id\":\"https:\\\/\\\/d365-innovation.de\\\/en\\\/#organization\"},\"alternateName\":\"i365\",\"potentialAction\":[{\"@type\":\"SearchAction\",\"target\":{\"@type\":\"EntryPoint\",\"urlTemplate\":\"https:\\\/\\\/d365-innovation.de\\\/en\\\/?s={search_term_string}\"},\"query-input\":{\"@type\":\"PropertyValueSpecification\",\"valueRequired\":true,\"valueName\":\"search_term_string\"}}],\"inLanguage\":\"en-US\"},{\"@type\":\"Organization\",\"@id\":\"https:\\\/\\\/d365-innovation.de\\\/en\\\/#organization\",\"name\":\"D365 Innovation GmbH\",\"alternateName\":\"i365 innovation\",\"url\":\"https:\\\/\\\/d365-innovation.de\\\/en\\\/\",\"logo\":{\"@type\":\"ImageObject\",\"inLanguage\":\"en-US\",\"@id\":\"https:\\\/\\\/d365-innovation.de\\\/en\\\/#\\\/schema\\\/logo\\\/image\\\/\",\"url\":\"https:\\\/\\\/d365-innovation.de\\\/wp-content\\\/uploads\\\/2023\\\/04\\\/D365i_Favicon_Blue_144x144_300dpi.png\",\"contentUrl\":\"https:\\\/\\\/d365-innovation.de\\\/wp-content\\\/uploads\\\/2023\\\/04\\\/D365i_Favicon_Blue_144x144_300dpi.png\",\"width\":144,\"height\":144,\"caption\":\"D365 Innovation GmbH\"},\"image\":{\"@id\":\"https:\\\/\\\/d365-innovation.de\\\/en\\\/#\\\/schema\\\/logo\\\/image\\\/\"},\"sameAs\":[\"https:\\\/\\\/www.linkedin.com\\\/company\\\/d365-innovation-gmbh\\\/\"]}]}<\/script>\n<!-- \/ Yoast SEO plugin. -->","yoast_head_json":{"title":"Contact us - D365 Innovation GmbH","description":"Get in touch with us! - We will be happy to help you when it comes to Microsoft Business Central or EDI.","robots":{"index":"index","follow":"follow","max-snippet":"max-snippet:-1","max-image-preview":"max-image-preview:large","max-video-preview":"max-video-preview:-1"},"canonical":"https:\/\/d365-innovation.de\/en\/contact-us\/","og_locale":"en_US","og_type":"article","og_title":"Contact us - D365 Innovation GmbH","og_description":"Get in touch with us! - We will be happy to help you when it comes to Microsoft Business Central or EDI.","og_url":"https:\/\/d365-innovation.de\/en\/contact-us\/","og_site_name":"D365 Innovation GmbH","article_modified_time":"2024-03-03T20:26:42+00:00","og_image":[{"url":"https:\/\/d365-innovation.de\/wp-content\/plugins\/wpforms-lite\/assets\/images\/submit-spin.svg","type":"","width":"","height":""}],"twitter_card":"summary_large_image","twitter_misc":{"Est. reading time":"1 minute"},"schema":{"@context":"https:\/\/schema.org","@graph":[{"@type":"WebPage","@id":"https:\/\/d365-innovation.de\/en\/contact-us\/","url":"https:\/\/d365-innovation.de\/en\/contact-us\/","name":"Contact us - D365 Innovation GmbH","isPartOf":{"@id":"https:\/\/d365-innovation.de\/en\/#website"},"primaryImageOfPage":{"@id":"https:\/\/d365-innovation.de\/en\/contact-us\/#primaryimage"},"image":{"@id":"https:\/\/d365-innovation.de\/en\/contact-us\/#primaryimage"},"thumbnailUrl":"https:\/\/d365-innovation.de\/wp-content\/plugins\/wpforms-lite\/assets\/images\/submit-spin.svg","datePublished":"2023-03-26T20:08:43+00:00","dateModified":"2024-03-03T20:26:42+00:00","description":"Get in touch with us! - We will be happy to help you when it comes to Microsoft Business Central or EDI.","breadcrumb":{"@id":"https:\/\/d365-innovation.de\/en\/contact-us\/#breadcrumb"},"inLanguage":"en-US","potentialAction":[{"@type":"ReadAction","target":["https:\/\/d365-innovation.de\/en\/contact-us\/"]}]},{"@type":"ImageObject","inLanguage":"en-US","@id":"https:\/\/d365-innovation.de\/en\/contact-us\/#primaryimage","url":"https:\/\/d365-innovation.de\/wp-content\/plugins\/wpforms-lite\/assets\/images\/submit-spin.svg","contentUrl":"https:\/\/d365-innovation.de\/wp-content\/plugins\/wpforms-lite\/assets\/images\/submit-spin.svg"},{"@type":"BreadcrumbList","@id":"https:\/\/d365-innovation.de\/en\/contact-us\/#breadcrumb","itemListElement":[{"@type":"ListItem","position":1,"name":"Startseite","item":"https:\/\/d365-innovation.de\/en\/homepage\/"},{"@type":"ListItem","position":2,"name":"Contact us"}]},{"@type":"WebSite","@id":"https:\/\/d365-innovation.de\/en\/#website","url":"https:\/\/d365-innovation.de\/en\/","name":"D365 Innovation GmbH","description":"Wir implementieren Microsoft Business Central und entwickeln standardisierte L&ouml;sungen f&uuml;r Ihren Unternehmenserfolg - wir innovieren Ihre Prozesse","publisher":{"@id":"https:\/\/d365-innovation.de\/en\/#organization"},"alternateName":"i365","potentialAction":[{"@type":"SearchAction","target":{"@type":"EntryPoint","urlTemplate":"https:\/\/d365-innovation.de\/en\/?s={search_term_string}"},"query-input":{"@type":"PropertyValueSpecification","valueRequired":true,"valueName":"search_term_string"}}],"inLanguage":"en-US"},{"@type":"Organization","@id":"https:\/\/d365-innovation.de\/en\/#organization","name":"D365 Innovation GmbH","alternateName":"i365 innovation","url":"https:\/\/d365-innovation.de\/en\/","logo":{"@type":"ImageObject","inLanguage":"en-US","@id":"https:\/\/d365-innovation.de\/en\/#\/schema\/logo\/image\/","url":"https:\/\/d365-innovation.de\/wp-content\/uploads\/2023\/04\/D365i_Favicon_Blue_144x144_300dpi.png","contentUrl":"https:\/\/d365-innovation.de\/wp-content\/uploads\/2023\/04\/D365i_Favicon_Blue_144x144_300dpi.png","width":144,"height":144,"caption":"D365 Innovation GmbH"},"image":{"@id":"https:\/\/d365-innovation.de\/en\/#\/schema\/logo\/image\/"},"sameAs":["https:\/\/www.linkedin.com\/company\/d365-innovation-gmbh\/"]}]}},"_links":{"self":[{"href":"https:\/\/d365-innovation.de\/en\/wp-json\/wp\/v2\/pages\/2650","targetHints":{"allow":["GET"]}}],"collection":[{"href":"https:\/\/d365-innovation.de\/en\/wp-json\/wp\/v2\/pages"}],"about":[{"href":"https:\/\/d365-innovation.de\/en\/wp-json\/wp\/v2\/types\/page"}],"author":[{"embeddable":true,"href":"https:\/\/d365-innovation.de\/en\/wp-json\/wp\/v2\/users\/2"}],"replies":[{"embeddable":true,"href":"https:\/\/d365-innovation.de\/en\/wp-json\/wp\/v2\/comments?post=2650"}],"version-history":[{"count":3,"href":"https:\/\/d365-innovation.de\/en\/wp-json\/wp\/v2\/pages\/2650\/revisions"}],"predecessor-version":[{"id":2653,"href":"https:\/\/d365-innovation.de\/en\/wp-json\/wp\/v2\/pages\/2650\/revisions\/2653"}],"wp:attachment":[{"href":"https:\/\/d365-innovation.de\/en\/wp-json\/wp\/v2\/media?parent=2650"}],"curies":[{"name":"wp","href":"https:\/\/api.w.org\/{rel}","templated":true}]}}